{"id":2530,"date":"2023-03-05T15:48:01","date_gmt":"2023-03-05T14:48:01","guid":{"rendered":"https:\/\/www.bgstart.nl\/bg\/?page_id=2530"},"modified":"2023-03-05T15:49:06","modified_gmt":"2023-03-05T14:49:06","slug":"privacy-statement-bg-start","status":"publish","type":"page","link":"https:\/\/www.bgstart.nl\/bg\/?page_id=2530","title":{"rendered":"Privacy statement BG Start"},"content":{"rendered":"\r\n\r\nBG Start is verantwoordelijk voor de verwerking van persoonsgegevens zoals weergegeven in dit privacy statement.\r\n\r\n\r\n\r\n\r\n<h1 class=\"wp-block-heading\">Contactgegevens<\/h1>\r\n\r\n\r\n\r\n\r\nL. Schroot-Nedeva is binnen ons kantoor het toeziend oog en het eerste aanspreekpunt voor wat betreft de verwerking van persoonsgegevens. L. Schroot-Nedeva is te bereiken via onderstaande gegevens:\r\n\r\n\r\n\r\n\r\n\r\nBG Start\r\nRadarweg 29\r\n1043NX Amsterdam\r\nlschroot@bgstart.nl\r\n020-2618989\r\n\r\n\r\n\r\n\r\n<h1 class=\"wp-block-heading\">Persoonsgegevens die wij verwerken<\/h1>\r\n\r\n\r\n\r\n\r\nBG Start verwerkt persoonsgegevens van cli\u00ebnten wanneer zij gebruik maken van onze diensten en\/of cli\u00ebnten deze gegevens zelf aan ons verstrekken.\r\n\r\n\r\n\r\n\r\n\r\nHieronder vindt u een overzicht van de persoonsgegevens die wij verwerken ten aanzien van de volgende categorie\u00ebn:\r\n\r\n\r\n\r\n\r\n<ol class=\"wp-block-list\">\r\n \t<li style=\"list-style-type: none;\">\r\n<ol>\r\n \t<li>Cli\u00ebnten;<\/li>\r\n<\/ol>\r\n<\/li>\r\n<\/ol>\r\n\r\n\r\n\r\n<ol>\r\n \t<li style=\"list-style-type: none;\">\r\n<ol>\r\n \t<li>Sollicitanten;<\/li>\r\n<\/ol>\r\n<\/li>\r\n<\/ol>\r\n\r\n\r\n\r\n<ol>\r\n \t<li style=\"list-style-type: none;\">\r\n<ol>\r\n \t<li>Salarisadministratie.<\/li>\r\n<\/ol>\r\n<\/li>\r\n<\/ol>\r\n\r\n\r\n\r\n\r\n\r\n\r\nPer categorie wordt tevens vastgelegd ten aanzien van welke doeleinden de verwerking geschiedt en wie toegang hebben tot de persoonsgegevens.\r\n\r\n\r\n\r\n\r\n<h2 class=\"wp-block-heading\">1. Cli\u00ebnten<\/h2>\r\n\r\n\r\n\r\n<ul class=\"wp-block-list\">\r\n \t<li style=\"list-style-type: none;\">\r\n<ul>\r\n \t<li>De verwerking geschiedt slechts voor de volgende doeleinden:\r\na. de identificatie;\r\nb. het opstellen van een risicoprofiel in het kader van de Wwft;\r\nc. het onderhouden van contacten met cli\u00ebnten;\r\nd. het uitvoeren van werkzaamheden zoals overeengekomen met cli\u00ebnten;\r\ne. de uitvoering of toepassing van een andere wet.<\/li>\r\n<\/ul>\r\n<\/li>\r\n<\/ul>\r\n\r\n\r\n\r\n<ul>\r\n \t<li style=\"list-style-type: none;\">\r\n<ul>\r\n \t<li>Geen andere gegevens worden verwerkt dan:\r\na. naam, voornamen, voorletters, titulatuur, geslacht, geboortedatum, adres, postcode, woonplaats, telefoonnummer en soortgelijke voor communicatie benodigde gegevens, alsmede bankrekeningnummer van de betrokkene;\r\nb. kopie identificatiebewijs;\r\nc. andere dan de onder a tot en met b bedoelde gegevens waarvan de verwerking wordt vereist ingevolge of noodzakelijk is met het oog op de toepassing van een andere wet.<\/li>\r\n<\/ul>\r\n<\/li>\r\n<\/ul>\r\n\r\n\r\n\r\n<ul>\r\n \t<li style=\"list-style-type: none;\">\r\n<ul>\r\n \t<li>De persoonsgegevens worden slechts verstrekt aan:\r\na. degenen, waaronder begrepen derden, die belast zijn met of leiding geven aan de in het eerstelid bedoelde activiteiten of die daarbij noodzakelijk zijn betrokken;\r\nb. anderen, in de gevallen dat er sprake is van een rechtmatige grondslag op basis van de AVG.<\/li>\r\n<\/ul>\r\n<\/li>\r\n<\/ul>\r\n\r\n\r\n\r\n\r\n\r\n<h2 class=\"wp-block-heading\">2. Sollicitanten<\/h2>\r\n\r\n\r\n\r\n<ul class=\"wp-block-list\">\r\n \t<li style=\"list-style-type: none;\">\r\n<ul>\r\n \t<li>De verwerking geschiedt slechts voor de volgende doeleinden:\r\na. de beoordeling van de geschiktheid van betrokkene voor een functie die vacant is of kan komen;\r\nb. de afhandeling van de door de sollicitant gemaakte onkosten;\r\nc. de interne controle en de bedrijfsbeveiliging;\r\nd. de uitvoering of toepassing van een andere wet.<\/li>\r\n<\/ul>\r\n<\/li>\r\n<\/ul>\r\n\r\n\r\n\r\n<ul>\r\n \t<li style=\"list-style-type: none;\">\r\n<ul>\r\n \t<li>Geen andere gegevens worden verwerkt dan:\r\na. naam, voornamen, voorletters, titulatuur, geslacht, geboortedatum, adres, postcode, woonplaats, telefoonnummer en soortgelijke voor communicatie benodigde gegevens, alsmede bankrekeningnummer van de betrokkene;\r\nb. een administratienummer dat geen andere informatie bevat dan bedoeld onder a;\r\nc. nationaliteit en geboorteplaats;\r\nd. gegevens als bedoeld onder a, van de ouders, voogden of verzorgers van minderjarige sollicitanten;\r\ne. gegevens betreffende gevolgde en te volgen opleidingen, cursussen en stages;\r\nf. gegevens betreffende de functie waarnaar gesolliciteerd is;\r\ng. gegevens betreffende de aard en inhoud van de huidige dienstbetrekking, alsmede betreffende de be\u00ebindiging ervan;\r\nh. gegevens betreffende de aard en inhoud van de vorige dienstbetrekkingen, alsmede betreffende de be\u00ebindiging ervan;\r\ni. gegevens met betrekking tot de motivatie voor de functie en de organisatie;\r\nj. andere gegevens met het oog op het vervullen van de functie, die door de betrokkene zijn verstrekt of die hem bekend zijn;\r\nk. andere dan de onder a tot en met i bedoelde gegevens waarvan de verwerking wordt vereist ingevolge of noodzakelijk is met het oog op de toepassing van een andere wet.<\/li>\r\n<\/ul>\r\n<\/li>\r\n<\/ul>\r\n\r\n\r\n\r\n<ul>\r\n \t<li style=\"list-style-type: none;\">\r\n<ul>\r\n \t<li>De persoonsgegevens worden slechts verstrekt aan:\r\na. degenen, waaronder begrepen derden, die belast zijn met of leiding geven aan de in het eerstelid bedoelde activiteiten of die daarbij noodzakelijk zijn betrokken;\r\nb. anderen, in de gevallen dat er sprake is van een rechtmatige grondslag op basis van de AVG.<\/li>\r\n<\/ul>\r\n<\/li>\r\n<\/ul>\r\n\r\n\r\n\r\n\r\n\r\n<h2 class=\"wp-block-heading\">3. Salarisadministratie<\/h2>\r\n\r\n\r\n\r\n<ul class=\"wp-block-list\">\r\n \t<li style=\"list-style-type: none;\">\r\n<ul>\r\n \t<li>De verwerking geschiedt slechts voor de volgende doeleinden:\r\na. het berekenen en vastleggen van salarissen en vergoedingen aan of ten behoeve van betrokkene;\r\nb. het berekenen en vastleggen van belasting en premies ten behoeve van betrokkene;\r\nc. het regelen van aanspraken op uitkeringen in verband met de be\u00ebindiging van een dienstverband;\r\nd. de uitvoering of toepassing van een andere wet.<\/li>\r\n<\/ul>\r\n<\/li>\r\n<\/ul>\r\n\r\n\r\n\r\n<ul>\r\n \t<li style=\"list-style-type: none;\">\r\n<ul>\r\n \t<li>Geen andere persoonsgegevens worden verwerkt dan:\r\na. naam, voornamen, voorletters, titulatuur, geslacht, geboortedatum, adres, postcode, woonplaats, telefoonnummer en soortgelijke voor communicatie benodigde gegevens, alsmede bankrekeningnummer van de betrokkene;\r\nb. een administratienummer dat geen andere informatie bevat dan bedoeld onder a;\r\nc. nationaliteit en geboorteplaats;\r\nd. gegevens als bedoeld onder a, van de ouders, voogden of verzorgers van minderjarige werknemers;\r\ne. gegevens met het oog op het berekenen, vastleggen en betalen van salarissen, vergoedingen en andere geldsommen en beloningen in natura aan of ten behoeve van de in het eerste lid bedoelde personen;\r\nf. gegevens met het oog op het berekenen, vastleggen en betalen van belasting en premies ten behoeve van betrokkene;\r\ng. gegevens, waaronder begrepen gegevens betreffende gezinsleden en voormalige gezinsleden van de betrokkenen, die noodzakelijk zijn met het oog op een overeengekomen arbeidsvoorwaarde;\r\nh. andere dan de onder a tot en met d bedoelde gegevens waarvan de verwerking wordt vereist ingevolge of noodzakelijk is met het oog op de toepassing van een andere wet.<\/li>\r\n<\/ul>\r\n<\/li>\r\n<\/ul>\r\n\r\n\r\n\r\n<ul>\r\n \t<li style=\"list-style-type: none;\">\r\n<ul>\r\n \t<li>De persoonsgegevens worden slechts verstrekt aan:\r\na. degenen, waaronder begrepen derden, die belast zijn met of leiding geven aan de in het eerstelid bedoelde activiteiten of die daarbij noodzakelijk zijn betrokken;\r\nb. anderen, in de gevallen dat er sprake is van een rechtmatige grondslag op basis van de AVG.<\/li>\r\n<\/ul>\r\n<\/li>\r\n<\/ul>\r\n\r\n\r\n\r\n\r\n\r\n<h2 class=\"wp-block-heading\">Bijzondere en\/of gevoelige persoonsgegevens die wij verwerken<\/h2>\r\n\r\n\r\n\r\n\r\nBG Start verwerkt de volgende bijzondere en\/of gevoelige persoonsgegevens van u:\r\n\r\n\r\n\r\n\r\n<ul class=\"wp-block-list\">\r\n \t<li style=\"list-style-type: none;\">\r\n<ul>\r\n \t<li>Ras (indien een kopie van een identificatiedocument wordt opgeslagen in een dossier wanneer wij hiervoor de wettelijke verplichting hebben);<\/li>\r\n<\/ul>\r\n<\/li>\r\n<\/ul>\r\n\r\n\r\n\r\n<ul>\r\n \t<li style=\"list-style-type: none;\">\r\n<ul>\r\n \t<li>Burgerservicenummer (BSN).<\/li>\r\n<\/ul>\r\n<\/li>\r\n<\/ul>\r\n\r\n\r\n\r\n<ul>\r\n \t<li style=\"list-style-type: none;\">\r\n<ul>\r\n \t<li>IBAN<\/li>\r\n<\/ul>\r\n<\/li>\r\n<\/ul>\r\n\r\n\r\n\r\n\r\n\r\n\r\nDeze persoonsgegevens worden uitsluitend gebruikt voor de met de cli\u00ebnt overeengekomen doelen\/dienstverlening.\r\nIndien doelen dan wel dienstverlening wijzigen, wordt dit opnieuw met de betrokkene afgestemd.\r\n\r\n\r\n\r\n\r\n<h1 class=\"wp-block-heading\">Op basis van welke grondslag en met welk doel wij persoonsgegevens verwerken<\/h1>\r\n\r\n\r\n\r\n\r\nBG Start verwerkt persoonsgegevens voor de volgende doelen:\r\n\r\n\r\n\r\n\r\n<ul class=\"wp-block-list\">\r\n \t<li style=\"list-style-type: none;\">\r\n<ul>\r\n \t<li>Uw toestemming, zoals bij het verzenden van onze nieuwsbrief met als doel om u de nieuwsbrief toe te kunnen sturen;<\/li>\r\n<\/ul>\r\n<\/li>\r\n<\/ul>\r\n\r\n\r\n\r\n<ul>\r\n \t<li style=\"list-style-type: none;\">\r\n<ul>\r\n \t<li>Uitvoeren van de overeenkomst, zodat wij u kunnen bellen of een e-mail kunnen sturen indien dit nodig is om onze dienstverlening uit te kunnen voeren;<\/li>\r\n<\/ul>\r\n<\/li>\r\n<\/ul>\r\n\r\n\r\n\r\n<ul>\r\n \t<li style=\"list-style-type: none;\">\r\n<ul>\r\n \t<li>Wettelijke verplichting, omdat wij op grond van wet- en regelgeving mede vanuit onze beroepsorganisatie (NBA) verplicht zijn om bij de uitvoering van onze werkzaamheden zorg te dragen voor voldoende dossiervorming. Daarnaast verwerken wij ook persoonsgegevens bij bijvoorbeeld het verzorgen van de belastingaangiftes voor onze cli\u00ebnten.<\/li>\r\n<\/ul>\r\n<\/li>\r\n<\/ul>\r\n\r\n\r\n\r\n\r\n\r\n<h1 class=\"wp-block-heading\">Hoe lang we persoonsgegevens bewaren<\/h1>\r\n\r\n\r\n\r\n\r\nBG Start bewaart persoonsgegevens niet langer dan strikt nodig is om de doelen te realiseren waarvoor gegevens worden verzameld dan wel de wettelijke bewaartermijnen die wij dienen te volgen. Wij hanteren de volgende bewaartermijnen voor de volgende (categorie\u00ebn) van persoonsgegevens:\r\n\r\n\r\n\r\n\r\n<ul class=\"wp-block-list\">\r\n \t<li style=\"list-style-type: none;\">\r\n<ul>\r\n \t<li>Voor cookies op onze website geldt een bewaartermijn van 365 dagen;<\/li>\r\n<\/ul>\r\n<\/li>\r\n<\/ul>\r\n\r\n\r\n\r\n<ul>\r\n \t<li style=\"list-style-type: none;\">\r\n<ul>\r\n \t<li>Gegevens van een potenti\u00eble cli\u00ebnt (die bijvoorbeeld via de website naar ons kantoor worden verstuurd), worden na 365 dagen verwijderd indien de potenti\u00eble cli\u00ebnt uiteindelijk geen cli\u00ebnt bij ons kantoor is geworden. Indien een potenti\u00eble cli\u00ebnt wel cli\u00ebnt wordt bij ons kantoor, worden de gegevens bewaard zolang als nodig is voor de dienstverlening aan de cli\u00ebnt;<\/li>\r\n<\/ul>\r\n<\/li>\r\n<\/ul>\r\n\r\n\r\n\r\n<ul>\r\n \t<li style=\"list-style-type: none;\">\r\n<ul>\r\n \t<li>Voor de vastlegging van persoonsgegevens in applicaties en dossiers ten behoeve van het uitvoeren van de dienstverlening voor de cli\u00ebnt, volgt ons kantoor de wettelijke bewaartermijn die in veel gevallen 7 jaar bedraagt.<\/li>\r\n<\/ul>\r\n<\/li>\r\n<\/ul>\r\n\r\n\r\n\r\n\r\n\r\n<h1 class=\"wp-block-heading\">Delen van persoonsgegevens met derden<\/h1>\r\n\r\n\r\n\r\n\r\nBG Start verkoopt geen persoonsgegevens van cli\u00ebnten aan derden en verstrekt deze uitsluitend indien dit nodig is voor de uitvoering van de overeenkomst die wij met de cli\u00ebnt hebben of om te voldoen aan een wettelijke verplichting. Hieronder valt tevens het inzagerecht van instanties zoals de Belastingdienst. Met organisaties die gegevens voor onze cli\u00ebnten verwerken in onze opdracht, sluiten wij een (sub)verwerkersovereenkomst om te zorgen voor eenzelfde niveau van beveiliging en vertrouwelijkheid van persoonsgegevens van cli\u00ebnten. BG Start blijft verantwoordelijk voor deze verwerkingen.\r\n\r\n\r\n\r\n\r\n\r\nIn bijzondere gevallen kan het voorkomen dat wij persoonsgegevens verstrekken aan externe deskundigen zoals een notaris, advocaat of pensioenspecialist in het kader van een met de cli\u00ebnt overeengekomen opdracht voor deze externe deskundige(n). In dat geval zullen wij deze gegevens niet zonder toestemming van de cli\u00ebnt verstrekken aan deze externe deskundige(n).\r\nDeze gegevens worden niet gebruikt voor commerci\u00eble doeleinden.\r\n\r\n\r\n\r\n\r\n<h1 class=\"wp-block-heading\">Website<\/h1>\r\n\r\n\r\n\r\n\r\nTen aanzien van uw bezoek aan onze website geldt het volgende ten aanzien van persoonsgegevens.\r\n\r\n\r\n\r\n\r\n<h2 class=\"wp-block-heading\">Cookies, of vergelijkbare technieken, die wij gebruiken<\/h2>\r\n\r\n\r\n\r\n\r\nBG Start gebruikt functionele, analytische en tracking cookies mede door middel van Google Analytics. Een cookie is een klein tekstbestand dat bij het eerste bezoek aan deze website wordt opgeslagen in de browser van het gebruikte apparaat. BG Start gebruikt cookies met een puur technische functionaliteit. Deze zorgen ervoor dat de website naar behoren werkt en deze te kunnen optimaliseren. Daarnaast plaatsen we cookies die het surfgedrag van bezoekers bijhouden zodat we op maat gemaakte content kunnen aanbieden.\r\n\r\n\r\n\r\n\r\n\r\nBij het eerste bezoek aan onze website informeren wij bezoekers over deze cookies en vragen wij gebruikers om toestemming voor het plaatsen ervan.\r\n\r\n\r\n\r\n\r\n\r\nBezoekers kunnen zich afmelden voor cookies door de internetbrowser zo in te stellen dat deze geen cookies meer opslaat. Daarnaast kunnen gebruikers ook alle informatie die eerder is opgeslagen via de instellingen van de browser verwijderen. Zie <a href=\"https:\/\/veiliginternetten.nl\/themes\/situatie\/cookies-wat-zijn-het-en-wat-doe-ik-ermee\/\" target=\"_blank\" rel=\"noreferrer noopener\">hier<\/a> voor een toelichting.\r\n\r\n\r\n\r\n\r\n<h1 class=\"wp-block-heading\">Gegevens inzien, aanpassen of verwijderen<\/h1>\r\n\r\n\r\n\r\n\r\nBetrokkenen (de personen van wie wij persoonsgegevens verwerken) hebben het recht om persoonsgegevens in te zien, te corrigeren of te verwijderen. Daarnaast hebben betrokkenen het recht om eventuele toestemming voor de gegevensverwerking in te trekken of bezwaar te maken tegen de verwerking van de persoonsgegevens door BG Start en hebben betrokkenen het recht op gegevensoverdraagbaarheid. Dat betekent dat betrokkenen bij ons een verzoek kunnen indienen om de persoonsgegevens die wij verwerken, in een computerbestand naar de betrokkene of een ander, door de betrokkene genoemde organisatie, te sturen.\r\n\r\n\r\n\r\n\r\n\r\nBetrokkenen kunnen een verzoek tot inzage, correctie, verwijdering, gegevensoverdraging van de eigen persoonsgegevens of verzoek tot intrekking van de toestemming of bezwaar op de verwerking van de persoonsgegevens sturen naar avg@bgstart.nl.\r\n\r\n\r\n\r\n\r\n\r\nOm er zeker van te zijn dat het verzoek tot inzage door de betrokkene is gedaan, vragen wij om een kopie van een identiteitsbewijs met het verzoek mee te sturen. Maak in deze kopie de pasfoto, indien van toepassing de MRZ (machine readable zone, de strook met nummers onderaan het paspoort), het documentnummer en het Burgerservicenummer (BSN) zwart. Dit ter bescherming van de privacy. We reageren zo snel mogelijk, maar uiterlijk binnen \u00e9\u00e9n maand, op het verzoek.\r\n\r\n\r\n\r\n\r\n\r\nBG Start wil betrokkenen er tevens op wijzen dat zij de mogelijkheid hebben om een klacht in te dienen bij de nationale toezichthouder, de Autoriteit Persoonsgegevens. Dat kan via de volgende link: <a href=\"https:\/\/autoriteitpersoonsgegevens.nl\/nl\/contact-met-de-autoriteit-persoonsgegevens\/tip-ons\" target=\"_blank\" rel=\"noreferrer noopener\">https:\/\/autoriteitpersoonsgegevens.nl\/nl\/contact-met-de-autoriteit-persoonsgegevens\/tip-ons<\/a>\r\n\r\n\r\n\r\n\r\n<h1 class=\"wp-block-heading\">Hoe wij persoonsgegevens beveiligen<\/h1>\r\n\r\n\r\n\r\n\r\nBG Start neemt de bescherming van persoonsgegevens serieus en neemt passende (technische) (beveiligings)maatregelen om misbruik, verlies, onbevoegde toegang, ongewenste openbaarmaking en ongeoorloofde wijziging tegen te gaan. Als betrokkenen de indruk hebben dat gegevens niet goed beveiligd zijn of er aanwijzingen zijn van misbruik, neem dan contact op met L. Schroot-Nedeva. De contactgegevens zijn bovenaan dit privacy statement vermeld.","protected":false},"excerpt":{"rendered":"<p>BG Start is verantwoordelijk voor de verwerking van persoonsgegevens zoals weergegeven in dit privacy statement. Contactgegevens L. Schroot-Nedeva is binnen ons kantoor het toeziend oog en het eerste aanspreekpunt voor wat betreft de verwerking van&hellip;<\/p>\n","protected":false},"author":1,"featured_media":0,"parent":0,"menu_order":0,"comment_status":"closed","ping_status":"closed","template":"","meta":{"jetpack_post_was_ever_published":false,"footnotes":""},"class_list":["post-2530","page","type-page","status-publish","hentry"],"jetpack_sharing_enabled":true,"jetpack_shortlink":"https:\/\/wp.me\/P7mnpB-EO","_links":{"self":[{"href":"https:\/\/www.bgstart.nl\/bg\/index.php?rest_route=\/wp\/v2\/pages\/2530","targetHints":{"allow":["GET"]}}],"collection":[{"href":"https:\/\/www.bgstart.nl\/bg\/index.php?rest_route=\/wp\/v2\/pages"}],"about":[{"href":"https:\/\/www.bgstart.nl\/bg\/index.php?rest_route=\/wp\/v2\/types\/page"}],"author":[{"embeddable":true,"href":"https:\/\/www.bgstart.nl\/bg\/index.php?rest_route=\/wp\/v2\/users\/1"}],"replies":[{"embeddable":true,"href":"https:\/\/www.bgstart.nl\/bg\/index.php?rest_route=%2Fwp%2Fv2%2Fcomments&post=2530"}],"version-history":[{"count":2,"href":"https:\/\/www.bgstart.nl\/bg\/index.php?rest_route=\/wp\/v2\/pages\/2530\/revisions"}],"predecessor-version":[{"id":2532,"href":"https:\/\/www.bgstart.nl\/bg\/index.php?rest_route=\/wp\/v2\/pages\/2530\/revisions\/2532"}],"wp:attachment":[{"href":"https:\/\/www.bgstart.nl\/bg\/index.php?rest_route=%2Fwp%2Fv2%2Fmedia&parent=2530"}],"curies":[{"name":"wp","href":"https:\/\/api.w.org\/{rel}","templated":true}]}}